{"id":334,"date":"2017-09-12T10:10:44","date_gmt":"2017-09-12T08:10:44","guid":{"rendered":"http:\/\/www.bellluci.de\/01\/?page_id=334"},"modified":"2017-09-13T13:49:12","modified_gmt":"2017-09-13T11:49:12","slug":"ahlen","status":"publish","type":"page","link":"http:\/\/www.bellluci.de\/01\/ahlen\/","title":{"rendered":"Ahlen"},"content":{"rendered":"<p>Im Juni 1910 wurden bei Grabungen in der Tongrube der Stanz- und Emailierwerke der Br\u00fcder Seiler 18.000 Jahre alte Skelettteile des Ahlener Mammuts gefunden. Die Universit\u00e4t M\u00fcnster leitete damals die Ausgrabungen, stellte den Fund sicher und \u00fcberf\u00fchrte ihn in das Geologisch-Patologische Institut in M\u00fcnster.<br \/>\n2013 nahm Initiator Knut Schneider dieses Ahlener-Ur-Mammut zum Anlass, mit der Unterst\u00fctzung des Stadtmarketings und der Stadtwerke, eine Mammut-Skulptur f\u00fcr Ahlen in Auftrag zu geben. Inzwischen sind viele Sponsoren gefunden worden, die gro\u00dfe und kleine Mammuts als Werbetr\u00e4ber \u00fcbernommen haben.<\/p>\n<p><img loading=\"lazy\" decoding=\"async\" class=\"size-full wp-image-464 aligncenter\" src=\"http:\/\/www.bellluci.de\/01\/wp-content\/uploads\/2017\/09\/ahlen004.jpg\" alt=\"\" width=\"400\" height=\"300\" \/><\/p>\n<p><img loading=\"lazy\" decoding=\"async\" class=\"size-full wp-image-463 aligncenter\" src=\"http:\/\/www.bellluci.de\/01\/wp-content\/uploads\/2017\/09\/ahlen003.jpg\" alt=\"\" width=\"400\" height=\"300\" \/><\/p>\n<p><img loading=\"lazy\" decoding=\"async\" class=\"size-full wp-image-462 aligncenter\" src=\"http:\/\/www.bellluci.de\/01\/wp-content\/uploads\/2017\/09\/ahlen002.jpg\" alt=\"\" width=\"400\" height=\"338\" srcset=\"http:\/\/www.bellluci.de\/01\/wp-content\/uploads\/2017\/09\/ahlen002.jpg 400w, http:\/\/www.bellluci.de\/01\/wp-content\/uploads\/2017\/09\/ahlen002-355x300.jpg 355w\" sizes=\"(max-width: 400px) 100vw, 400px\" \/><\/p>\n<p><img loading=\"lazy\" decoding=\"async\" class=\"size-full wp-image-461 aligncenter\" src=\"http:\/\/www.bellluci.de\/01\/wp-content\/uploads\/2017\/09\/ahlen001.jpg\" alt=\"\" width=\"400\" height=\"300\" \/><\/p>\n","protected":false},"excerpt":{"rendered":"<p>Im Juni 1910 wurden bei Grabungen in der Tongrube der Stanz- und Emailierwerke der Br\u00fcder Seiler 18.000 Jahre alte Skelettteile des Ahlener Mammuts gefunden. Die Universit\u00e4t M\u00fcnster leitete damals die Ausgrabungen, stellte den Fund sicher und \u00fcberf\u00fchrte ihn in das Geologisch-Patologische Institut in M\u00fcnster. 2013 nahm Initiator Knut Schneider dieses Ahlener-Ur-Mammut zum Anlass, mit der &hellip; <\/p>\n<p class=\"link-more\"><a href=\"http:\/\/www.bellluci.de\/01\/ahlen\/\" class=\"more-link\"><span class=\"screen-reader-text\">\u201eAhlen\u201c<\/span> weiterlesen<\/a><\/p>\n","protected":false},"author":1,"featured_media":0,"parent":0,"menu_order":0,"comment_status":"closed","ping_status":"closed","template":"","meta":{"footnotes":""},"_links":{"self":[{"href":"http:\/\/www.bellluci.de\/01\/wp-json\/wp\/v2\/pages\/334"}],"collection":[{"href":"http:\/\/www.bellluci.de\/01\/wp-json\/wp\/v2\/pages"}],"about":[{"href":"http:\/\/www.bellluci.de\/01\/wp-json\/wp\/v2\/types\/page"}],"author":[{"embeddable":true,"href":"http:\/\/www.bellluci.de\/01\/wp-json\/wp\/v2\/users\/1"}],"replies":[{"embeddable":true,"href":"http:\/\/www.bellluci.de\/01\/wp-json\/wp\/v2\/comments?post=334"}],"version-history":[{"count":3,"href":"http:\/\/www.bellluci.de\/01\/wp-json\/wp\/v2\/pages\/334\/revisions"}],"predecessor-version":[{"id":465,"href":"http:\/\/www.bellluci.de\/01\/wp-json\/wp\/v2\/pages\/334\/revisions\/465"}],"wp:attachment":[{"href":"http:\/\/www.bellluci.de\/01\/wp-json\/wp\/v2\/media?parent=334"}],"curies":[{"name":"wp","href":"https:\/\/api.w.org\/{rel}","templated":true}]}}