{"id":319,"date":"2017-09-12T10:01:31","date_gmt":"2017-09-12T08:01:31","guid":{"rendered":"http:\/\/www.bellluci.de\/01\/?page_id=319"},"modified":"2017-09-13T13:31:30","modified_gmt":"2017-09-13T11:31:30","slug":"baumbeleuchtung","status":"publish","type":"page","link":"http:\/\/www.bellluci.de\/01\/baumbeleuchtung\/","title":{"rendered":"Baumbeleuchtung"},"content":{"rendered":"<p>Beinahe in jedem modernen Konzept f\u00fcr Winter- und Weihnachtsbeleuchtung findet man heute \u00fcppig beleuchtete B\u00e4ume. Bei dieser Art der Dekoration werden Stamm und Haupt\u00e4ste eng umwickelt. Durch die Verarbeitung der \u201emitwachsenden\u201c Lichterkette kann die Dekoration \u00fcber Jahre in den B\u00e4umen bleiben, ohne dass die Ketten rei\u00dfen oder der Baum leidet. Dabei ist nur eine j\u00e4hrliche Kontrolle notwendig. Die Kosten daf\u00fcr sind relativ gering.<\/p>\n<p><img loading=\"lazy\" decoding=\"async\" class=\"size-full wp-image-407 aligncenter\" src=\"http:\/\/www.bellluci.de\/01\/wp-content\/uploads\/2017\/09\/baum008.jpg\" alt=\"\" width=\"400\" height=\"266\" \/><\/p>\n<p><img loading=\"lazy\" decoding=\"async\" class=\"size-full wp-image-405 aligncenter\" src=\"http:\/\/www.bellluci.de\/01\/wp-content\/uploads\/2017\/09\/baum006.jpg\" alt=\"\" width=\"400\" height=\"266\" \/><\/p>\n<figure id=\"attachment_406\" aria-describedby=\"caption-attachment-406\" style=\"width: 400px\" class=\"wp-caption aligncenter\"><img loading=\"lazy\" decoding=\"async\" class=\"size-full wp-image-406\" src=\"http:\/\/www.bellluci.de\/01\/wp-content\/uploads\/2017\/09\/baum007.jpg\" alt=\"\" width=\"400\" height=\"300\" \/><figcaption id=\"caption-attachment-406\" class=\"wp-caption-text\">baum007<\/figcaption><\/figure>\n<p><img loading=\"lazy\" decoding=\"async\" class=\"size-full wp-image-404 aligncenter\" src=\"http:\/\/www.bellluci.de\/01\/wp-content\/uploads\/2017\/09\/baum005.jpg\" alt=\"\" width=\"400\" height=\"600\" srcset=\"http:\/\/www.bellluci.de\/01\/wp-content\/uploads\/2017\/09\/baum005.jpg 400w, http:\/\/www.bellluci.de\/01\/wp-content\/uploads\/2017\/09\/baum005-200x300.jpg 200w\" sizes=\"(max-width: 400px) 100vw, 400px\" \/><\/p>\n<p><img loading=\"lazy\" decoding=\"async\" class=\"size-full wp-image-402 aligncenter\" src=\"http:\/\/www.bellluci.de\/01\/wp-content\/uploads\/2017\/09\/baum003.jpg\" alt=\"\" width=\"400\" height=\"300\" \/><\/p>\n<p><img loading=\"lazy\" decoding=\"async\" class=\"size-full wp-image-403 aligncenter\" src=\"http:\/\/www.bellluci.de\/01\/wp-content\/uploads\/2017\/09\/baum004.jpg\" alt=\"\" width=\"400\" height=\"500\" srcset=\"http:\/\/www.bellluci.de\/01\/wp-content\/uploads\/2017\/09\/baum004.jpg 400w, http:\/\/www.bellluci.de\/01\/wp-content\/uploads\/2017\/09\/baum004-240x300.jpg 240w\" sizes=\"(max-width: 400px) 100vw, 400px\" \/><\/p>\n<p><img loading=\"lazy\" decoding=\"async\" class=\"size-full wp-image-401 aligncenter\" src=\"http:\/\/www.bellluci.de\/01\/wp-content\/uploads\/2017\/09\/baum002.jpg\" alt=\"\" width=\"400\" height=\"275\" \/><\/p>\n<p><img loading=\"lazy\" decoding=\"async\" class=\"size-full wp-image-400 aligncenter\" src=\"http:\/\/www.bellluci.de\/01\/wp-content\/uploads\/2017\/09\/baum001.jpg\" alt=\"\" width=\"400\" height=\"735\" srcset=\"http:\/\/www.bellluci.de\/01\/wp-content\/uploads\/2017\/09\/baum001.jpg 400w, http:\/\/www.bellluci.de\/01\/wp-content\/uploads\/2017\/09\/baum001-163x300.jpg 163w\" sizes=\"(max-width: 400px) 100vw, 400px\" \/><\/p>\n","protected":false},"excerpt":{"rendered":"<p>Beinahe in jedem modernen Konzept f\u00fcr Winter- und Weihnachtsbeleuchtung findet man heute \u00fcppig beleuchtete B\u00e4ume. Bei dieser Art der Dekoration werden Stamm und Haupt\u00e4ste eng umwickelt. Durch die Verarbeitung der \u201emitwachsenden\u201c Lichterkette kann die Dekoration \u00fcber Jahre in den B\u00e4umen bleiben, ohne dass die Ketten rei\u00dfen oder der Baum leidet. Dabei ist nur eine j\u00e4hrliche &hellip; <\/p>\n<p class=\"link-more\"><a href=\"http:\/\/www.bellluci.de\/01\/baumbeleuchtung\/\" class=\"more-link\"><span class=\"screen-reader-text\">\u201eBaumbeleuchtung\u201c<\/span> weiterlesen<\/a><\/p>\n","protected":false},"author":1,"featured_media":0,"parent":0,"menu_order":0,"comment_status":"closed","ping_status":"closed","template":"","meta":{"footnotes":""},"_links":{"self":[{"href":"http:\/\/www.bellluci.de\/01\/wp-json\/wp\/v2\/pages\/319"}],"collection":[{"href":"http:\/\/www.bellluci.de\/01\/wp-json\/wp\/v2\/pages"}],"about":[{"href":"http:\/\/www.bellluci.de\/01\/wp-json\/wp\/v2\/types\/page"}],"author":[{"embeddable":true,"href":"http:\/\/www.bellluci.de\/01\/wp-json\/wp\/v2\/users\/1"}],"replies":[{"embeddable":true,"href":"http:\/\/www.bellluci.de\/01\/wp-json\/wp\/v2\/comments?post=319"}],"version-history":[{"count":4,"href":"http:\/\/www.bellluci.de\/01\/wp-json\/wp\/v2\/pages\/319\/revisions"}],"predecessor-version":[{"id":409,"href":"http:\/\/www.bellluci.de\/01\/wp-json\/wp\/v2\/pages\/319\/revisions\/409"}],"wp:attachment":[{"href":"http:\/\/www.bellluci.de\/01\/wp-json\/wp\/v2\/media?parent=319"}],"curies":[{"name":"wp","href":"https:\/\/api.w.org\/{rel}","templated":true}]}}