{"id":313,"date":"2017-09-12T09:58:14","date_gmt":"2017-09-12T07:58:14","guid":{"rendered":"http:\/\/www.bellluci.de\/01\/?page_id=313"},"modified":"2017-09-13T13:35:16","modified_gmt":"2017-09-13T11:35:16","slug":"lichterketten","status":"publish","type":"page","link":"http:\/\/www.bellluci.de\/01\/lichterketten\/","title":{"rendered":"Lichterketten"},"content":{"rendered":"<h1><strong>Die Lichtquelle f\u00fcr Ihren Erfolg:<\/strong><br \/>\n<strong>die Premium LED<\/strong><\/h1>\n<p>Lichterketten mit Premium LEDs von MK Illumination leben l\u00e4nger und sind damit effizienter.<br \/>\nDurch die einheitliche Verwendung identer Premium LEDs wird eine homogene Lichtfarbe bei allen Produkten erreicht:<br \/>\nDabei kommen die warmwei\u00dfen LEDs (2400-2700 Kelvin) dem gleichm\u00e4\u00dfig warmen Lichtschein einer konventionellen Gl\u00fchbirne beeindruckend nahe und erzeugen so eine angenehme wohlige Weihnachtsatmosph\u00e4re.<br \/>\nMit dem ebenfalls homogen leuchtenden brillantwei\u00dfen LEDs (7000 \u2013 9000 Kelvin) lassen sich aufregende Winterlandschaften und M\u00e4rchenwelten zaubern. Die Lichtpunkte erinnern an viele glitzernde Schneekristalle.<br \/>\nLichterketten von MK Illumination gibt es speziell zugeschnitten f\u00fcr jede Art der Dekoration.<br \/>\nEgal ob eine Baumbeleuchtung, ein Lichterdach oder eine Konturenbeleuchtung dekoriert werden soll, die Ice Lite, String Lite, Magic String Lite oder Drape Lite sind im patentierten QuickFix System kompatibel und koppelbar.<\/p>\n<p><img loading=\"lazy\" decoding=\"async\" class=\"size-full wp-image-407 aligncenter\" src=\"http:\/\/www.bellluci.de\/01\/wp-content\/uploads\/2017\/09\/baum008.jpg\" alt=\"\" width=\"400\" height=\"266\" \/><\/p>\n<p><img loading=\"lazy\" decoding=\"async\" class=\"size-large wp-image-410 aligncenter\" src=\"http:\/\/www.bellluci.de\/01\/wp-content\/uploads\/2017\/09\/lichterketten001.jpg\" alt=\"\" width=\"400\" height=\"266\" \/><\/p>\n<p><img loading=\"lazy\" decoding=\"async\" class=\"size-large wp-image-411 aligncenter\" src=\"http:\/\/www.bellluci.de\/01\/wp-content\/uploads\/2017\/09\/lichterketten002.jpg\" alt=\"\" width=\"400\" height=\"423\" srcset=\"http:\/\/www.bellluci.de\/01\/wp-content\/uploads\/2017\/09\/lichterketten002.jpg 400w, http:\/\/www.bellluci.de\/01\/wp-content\/uploads\/2017\/09\/lichterketten002-284x300.jpg 284w\" sizes=\"(max-width: 400px) 100vw, 400px\" \/><\/p>\n<p><img loading=\"lazy\" decoding=\"async\" class=\"size-large wp-image-412 aligncenter\" src=\"http:\/\/www.bellluci.de\/01\/wp-content\/uploads\/2017\/09\/lichterketten003.jpg\" alt=\"\" width=\"400\" height=\"266\" \/><\/p>\n<p><img loading=\"lazy\" decoding=\"async\" class=\"size-large wp-image-413 aligncenter\" src=\"http:\/\/www.bellluci.de\/01\/wp-content\/uploads\/2017\/09\/lichterketten004.jpg\" alt=\"\" width=\"400\" height=\"226\" \/><\/p>\n<p><img loading=\"lazy\" decoding=\"async\" class=\"size-large wp-image-414 aligncenter\" src=\"http:\/\/www.bellluci.de\/01\/wp-content\/uploads\/2017\/09\/lichterketten005.jpg\" alt=\"\" width=\"400\" height=\"267\" \/><\/p>\n<p><img loading=\"lazy\" decoding=\"async\" class=\"size-large wp-image-415 aligncenter\" src=\"http:\/\/www.bellluci.de\/01\/wp-content\/uploads\/2017\/09\/lichterketten006.jpg\" alt=\"\" width=\"400\" height=\"329\" srcset=\"http:\/\/www.bellluci.de\/01\/wp-content\/uploads\/2017\/09\/lichterketten006.jpg 400w, http:\/\/www.bellluci.de\/01\/wp-content\/uploads\/2017\/09\/lichterketten006-365x300.jpg 365w\" sizes=\"(max-width: 400px) 100vw, 400px\" \/><\/p>\n<p><img loading=\"lazy\" decoding=\"async\" class=\"size-large wp-image-416 aligncenter\" src=\"http:\/\/www.bellluci.de\/01\/wp-content\/uploads\/2017\/09\/lichterketten007.jpg\" alt=\"\" width=\"400\" height=\"400\" srcset=\"http:\/\/www.bellluci.de\/01\/wp-content\/uploads\/2017\/09\/lichterketten007.jpg 400w, http:\/\/www.bellluci.de\/01\/wp-content\/uploads\/2017\/09\/lichterketten007-150x150.jpg 150w, http:\/\/www.bellluci.de\/01\/wp-content\/uploads\/2017\/09\/lichterketten007-300x300.jpg 300w, http:\/\/www.bellluci.de\/01\/wp-content\/uploads\/2017\/09\/lichterketten007-100x100.jpg 100w\" sizes=\"(max-width: 400px) 100vw, 400px\" \/><\/p>\n<p><img loading=\"lazy\" decoding=\"async\" class=\"size-large wp-image-417 aligncenter\" src=\"http:\/\/www.bellluci.de\/01\/wp-content\/uploads\/2017\/09\/lichterketten008.jpg\" alt=\"\" width=\"400\" height=\"600\" srcset=\"http:\/\/www.bellluci.de\/01\/wp-content\/uploads\/2017\/09\/lichterketten008.jpg 400w, http:\/\/www.bellluci.de\/01\/wp-content\/uploads\/2017\/09\/lichterketten008-200x300.jpg 200w\" sizes=\"(max-width: 400px) 100vw, 400px\" \/><\/p>\n<p><img loading=\"lazy\" decoding=\"async\" class=\"size-large wp-image-418 aligncenter\" src=\"http:\/\/www.bellluci.de\/01\/wp-content\/uploads\/2017\/09\/lichterketten009.jpg\" alt=\"\" width=\"400\" height=\"265\" \/><\/p>\n<p><img loading=\"lazy\" decoding=\"async\" class=\"size-large wp-image-419 aligncenter\" src=\"http:\/\/www.bellluci.de\/01\/wp-content\/uploads\/2017\/09\/lichterketten010.jpg\" alt=\"\" width=\"400\" height=\"267\" \/><\/p>\n<p><img loading=\"lazy\" decoding=\"async\" class=\"size-full wp-image-420 aligncenter\" src=\"http:\/\/www.bellluci.de\/01\/wp-content\/uploads\/2017\/09\/lichterketten011.jpg\" alt=\"\" width=\"400\" height=\"266\" \/><\/p>\n","protected":false},"excerpt":{"rendered":"<p>Die Lichtquelle f\u00fcr Ihren Erfolg: die Premium LED Lichterketten mit Premium LEDs von MK Illumination leben l\u00e4nger und sind damit effizienter. Durch die einheitliche Verwendung identer Premium LEDs wird eine homogene Lichtfarbe bei allen Produkten erreicht: Dabei kommen die warmwei\u00dfen LEDs (2400-2700 Kelvin) dem gleichm\u00e4\u00dfig warmen Lichtschein einer konventionellen Gl\u00fchbirne beeindruckend nahe und erzeugen so &hellip; <\/p>\n<p class=\"link-more\"><a href=\"http:\/\/www.bellluci.de\/01\/lichterketten\/\" class=\"more-link\"><span class=\"screen-reader-text\">\u201eLichterketten\u201c<\/span> weiterlesen<\/a><\/p>\n","protected":false},"author":1,"featured_media":0,"parent":0,"menu_order":0,"comment_status":"closed","ping_status":"closed","template":"","meta":{"footnotes":""},"_links":{"self":[{"href":"http:\/\/www.bellluci.de\/01\/wp-json\/wp\/v2\/pages\/313"}],"collection":[{"href":"http:\/\/www.bellluci.de\/01\/wp-json\/wp\/v2\/pages"}],"about":[{"href":"http:\/\/www.bellluci.de\/01\/wp-json\/wp\/v2\/types\/page"}],"author":[{"embeddable":true,"href":"http:\/\/www.bellluci.de\/01\/wp-json\/wp\/v2\/users\/1"}],"replies":[{"embeddable":true,"href":"http:\/\/www.bellluci.de\/01\/wp-json\/wp\/v2\/comments?post=313"}],"version-history":[{"count":3,"href":"http:\/\/www.bellluci.de\/01\/wp-json\/wp\/v2\/pages\/313\/revisions"}],"predecessor-version":[{"id":422,"href":"http:\/\/www.bellluci.de\/01\/wp-json\/wp\/v2\/pages\/313\/revisions\/422"}],"wp:attachment":[{"href":"http:\/\/www.bellluci.de\/01\/wp-json\/wp\/v2\/media?parent=313"}],"curies":[{"name":"wp","href":"https:\/\/api.w.org\/{rel}","templated":true}]}}